{"id":8148,"date":"2021-10-07T16:55:53","date_gmt":"2021-10-07T14:55:53","guid":{"rendered":"https:\/\/www.zaborek.com.pl\/miejsce-z-klimatem\/?page_id=8148"},"modified":"2021-10-24T14:37:49","modified_gmt":"2021-10-24T12:37:49","slug":"sklepik","status":"publish","type":"page","link":"https:\/\/www.zaborek.com.pl\/miejsce-z-klimatem\/sklepik\/","title":{"rendered":"Sklep"},"content":{"rendered":"<p>[et_pb_section fb_built=&#8221;1&#8243; next_background_color=&#8221;#ffffff&#8221; admin_label=&#8221;Header&#8221; _builder_version=&#8221;4.11.1&#8243; _module_preset=&#8221;default&#8221; use_background_color_gradient=&#8221;on&#8221; background_color_gradient_start=&#8221;rgba(151,195,87,0.76)&#8221; background_color_gradient_end=&#8221;#8cc32f&#8221; background_color_gradient_overlays_image=&#8221;on&#8221; background_image=&#8221;https:\/\/www.zaborek.com.pl\/wp-content\/uploads\/2021\/10\/ogrod.jpg&#8221; custom_margin=&#8221;10px|10px|10px|10px|true|true&#8221; custom_padding=&#8221;6vw||0px||false|false&#8221; bottom_divider_style=&#8221;slant&#8221; bottom_divider_height=&#8221;10vw&#8221; bottom_divider_arrangement=&#8221;above_content&#8221; border_radii=&#8221;on|24px|24px|24px|24px&#8221; border_width_all=&#8221;0px&#8221; border_color_all=&#8221;#FFFFFF&#8221; global_colors_info=&#8221;{}&#8221;][et_pb_row column_structure=&#8221;1_2,1_2&#8243; _builder_version=&#8221;4.9.4&#8243; _module_preset=&#8221;default&#8221; custom_padding=&#8221;||0px|||&#8221; global_colors_info=&#8221;{}&#8221;][et_pb_column type=&#8221;1_2&#8243; _builder_version=&#8221;4.9.4&#8243; _module_preset=&#8221;default&#8221; custom_padding=&#8221;||10vw||false|false&#8221; custom_padding_tablet=&#8221;||0vw||false|false&#8221; custom_padding_phone=&#8221;&#8221; custom_padding_last_edited=&#8221;on|tablet&#8221; global_colors_info=&#8221;{}&#8221;][et_pb_text _builder_version=&#8221;4.9.4&#8243; _module_preset=&#8221;64726270-e0e9-4f3d-bffe-4708fbfd76fb&#8221; header_font=&#8221;Poppins|700|||||||&#8221; header_text_align=&#8221;left&#8221; header_text_color=&#8221;#FFFFFF&#8221; header_font_size=&#8221;84px&#8221; header_line_height=&#8221;1.2em&#8221; custom_margin=&#8221;||10px||false|false&#8221; header_font_size_tablet=&#8221;40px&#8221; header_font_size_phone=&#8221;24px&#8221; header_font_size_last_edited=&#8221;on|tablet&#8221; locked=&#8221;off&#8221; global_colors_info=&#8221;{}&#8221;]<\/p>\n<h1>Witamy w naszym sklepiku<\/h1>\n<p>[\/et_pb_text][et_pb_text _builder_version=&#8221;4.11.1&#8243; _module_preset=&#8221;102bef9d-a6b9-41f0-af77-1ed5b7bd0593&#8243; text_font=&#8221;Poppins||||||||&#8221; text_text_color=&#8221;#282d26&#8243; text_font_size=&#8221;20px&#8221; text_line_height=&#8221;1.8em&#8221; max_width=&#8221;600px&#8221; module_alignment=&#8221;center&#8221; hover_enabled=&#8221;0&#8243; text_font_size_tablet=&#8221;15px&#8221; text_font_size_phone=&#8221;14px&#8221; text_font_size_last_edited=&#8221;on|desktop&#8221; locked=&#8221;off&#8221; global_colors_info=&#8221;{}&#8221; sticky_enabled=&#8221;0&#8243;]<\/p>\n<p>w kt\u00f3rym zam\u00f3wi\u0107 mo\u017cesz r\u00f3\u017cne nasze produkty w 100% wykonane przez nas. Menu zmienia si\u0119 ka\u017cdego tygodnia niczym w naszej restauracji.\u00a0\u00a0<\/p>\n<p>&nbsp;<\/p>\n<p>[\/et_pb_text][\/et_pb_column][et_pb_column type=&#8221;1_2&#8243; _builder_version=&#8221;4.9.4&#8243; _module_preset=&#8221;default&#8221; custom_padding=&#8221;||0px||false|false&#8221; global_colors_info=&#8221;{}&#8221;][et_pb_image src=&#8221;https:\/\/www.zaborek.com.pl\/wp-content\/uploads\/2019\/09\/Logo2019.png&#8221; title_text=&#8221;Logo2019&#8243; _builder_version=&#8221;4.11.1&#8243; _module_preset=&#8221;default&#8221; custom_margin=&#8221;137px|-5vw||31px|false|false&#8221; custom_padding=&#8221;||||false|false&#8221; global_colors_info=&#8221;{}&#8221;][\/et_pb_image][\/et_pb_column][\/et_pb_row][\/et_pb_section][et_pb_section fb_built=&#8221;1&#8243; admin_label=&#8221;About&#8221; _builder_version=&#8221;4.9.4&#8243; _module_preset=&#8221;default&#8221; global_colors_info=&#8221;{}&#8221;][et_pb_row column_structure=&#8221;1_2,1_2&#8243; _builder_version=&#8221;4.11.1&#8243; _module_preset=&#8221;default&#8221; background_enable_color=&#8221;off&#8221; global_colors_info=&#8221;{}&#8221;][et_pb_column type=&#8221;1_2&#8243; _builder_version=&#8221;4.9.4&#8243; _module_preset=&#8221;default&#8221; global_colors_info=&#8221;{}&#8221;][et_pb_text _builder_version=&#8221;4.9.4&#8243; _module_preset=&#8221;83d94e9b-bff8-4c15-9e33-e7b1a7a21887&#8243; header_2_font=&#8221;Poppins|700|||||||&#8221; header_2_text_color=&#8221;#282d26&#8243; header_2_font_size=&#8221;40px&#8221; header_2_line_height=&#8221;1.2em&#8221; custom_margin=&#8221;||10px||false|false&#8221; header_2_font_size_tablet=&#8221;32px&#8221; header_2_font_size_phone=&#8221;20px&#8221; header_2_font_size_last_edited=&#8221;on|phone&#8221; locked=&#8221;off&#8221; global_colors_info=&#8221;{}&#8221;]<\/p>\n<h2>Dostawa prosto do Twojego domu lub paczkomatu<\/h2>\n<p>[\/et_pb_text][et_pb_image src=&#8221;https:\/\/www.zaborek.com.pl\/wp-content\/uploads\/2021\/10\/3a57a588-b05d-4670-bae1-5c13937eda3e-delivery-hero.jpg&#8221; title_text=&#8221;3a57a588-b05d-4670-bae1-5c13937eda3e-delivery-hero&#8221; _builder_version=&#8221;4.11.1&#8243; _module_preset=&#8221;default&#8221; border_radii=&#8221;on|25px|25px|25px|25px&#8221; global_colors_info=&#8221;{}&#8221;][\/et_pb_image][et_pb_text _builder_version=&#8221;4.11.1&#8243; _module_preset=&#8221;484d2cfc-5d7f-4741-92db-06bcac696713&#8243; text_font=&#8221;Poppins||||||||&#8221; text_font_size=&#8221;16px&#8221; text_line_height=&#8221;1.8em&#8221; max_width=&#8221;800px&#8221; text_font_size_tablet=&#8221;15px&#8221; text_font_size_phone=&#8221;14px&#8221; text_font_size_last_edited=&#8221;on|desktop&#8221; global_colors_info=&#8221;{}&#8221;][\/et_pb_text][\/et_pb_column][et_pb_column type=&#8221;1_2&#8243; _builder_version=&#8221;4.9.4&#8243; _module_preset=&#8221;default&#8221; global_colors_info=&#8221;{}&#8221;][et_pb_blurb title=&#8221;Przejd\u017a do strony naszego sklepu &#8211; link poni\u017cej&#8221; use_icon=&#8221;on&#8221; font_icon=&#8221;%%45%%&#8221; icon_color=&#8221;#8cc32f&#8221; icon_placement=&#8221;left&#8221; use_icon_font_size=&#8221;on&#8221; icon_font_size=&#8221;20px&#8221; _builder_version=&#8221;4.11.1&#8243; _module_preset=&#8221;default&#8221; header_font=&#8221;Poppins||||||||&#8221; header_text_color=&#8221;#282d26&#8243; header_line_height=&#8221;1.3em&#8221; animation=&#8221;off&#8221; header_font_size_tablet=&#8221;16px&#8221; header_font_size_phone=&#8221;14px&#8221; header_font_size_last_edited=&#8221;on|phone&#8221; global_colors_info=&#8221;{}&#8221;][\/et_pb_blurb][et_pb_blurb title=&#8221;Wybierz produkty &#8221; use_icon=&#8221;on&#8221; font_icon=&#8221;%%45%%&#8221; icon_color=&#8221;#8cc32f&#8221; icon_placement=&#8221;left&#8221; use_icon_font_size=&#8221;on&#8221; icon_font_size=&#8221;20px&#8221; _builder_version=&#8221;4.11.1&#8243; _module_preset=&#8221;default&#8221; header_font=&#8221;Poppins||||||||&#8221; header_text_color=&#8221;#282d26&#8243; header_line_height=&#8221;1.3em&#8221; custom_padding=&#8221;||0px|||&#8221; animation=&#8221;off&#8221; header_font_size_tablet=&#8221;16px&#8221; header_font_size_phone=&#8221;14px&#8221; header_font_size_last_edited=&#8221;on|phone&#8221; global_colors_info=&#8221;{}&#8221;][\/et_pb_blurb][et_pb_blurb title=&#8221;Wype\u0142nij dane adresowe&#8221; use_icon=&#8221;on&#8221; font_icon=&#8221;%%45%%&#8221; icon_color=&#8221;#8cc32f&#8221; icon_placement=&#8221;left&#8221; use_icon_font_size=&#8221;on&#8221; icon_font_size=&#8221;20px&#8221; _builder_version=&#8221;4.11.1&#8243; _module_preset=&#8221;default&#8221; header_font=&#8221;Poppins||||||||&#8221; header_text_color=&#8221;#282d26&#8243; header_line_height=&#8221;1.3em&#8221; animation=&#8221;off&#8221; header_font_size_tablet=&#8221;16px&#8221; header_font_size_phone=&#8221;14px&#8221; header_font_size_last_edited=&#8221;on|phone&#8221; global_colors_info=&#8221;{}&#8221;][\/et_pb_blurb][et_pb_blurb title=&#8221;Otrzymasz potwierdzenie z zam\u00f3wionymi produktami&#8221; use_icon=&#8221;on&#8221; font_icon=&#8221;%%45%%&#8221; icon_color=&#8221;#8cc32f&#8221; icon_placement=&#8221;left&#8221; use_icon_font_size=&#8221;on&#8221; icon_font_size=&#8221;20px&#8221; _builder_version=&#8221;4.11.1&#8243; _module_preset=&#8221;default&#8221; header_font=&#8221;Poppins||||||||&#8221; header_text_color=&#8221;#282d26&#8243; header_line_height=&#8221;1.3em&#8221; animation=&#8221;off&#8221; header_font_size_tablet=&#8221;16px&#8221; header_font_size_phone=&#8221;14px&#8221; header_font_size_last_edited=&#8221;on|phone&#8221; global_colors_info=&#8221;{}&#8221;][\/et_pb_blurb][et_pb_blurb title=&#8221;Nasz personel skontaktuje si\u0119 Tob\u0105 w celu potwierdzenia zam\u00f3wienia&#8221; use_icon=&#8221;on&#8221; font_icon=&#8221;%%45%%&#8221; icon_color=&#8221;#8cc32f&#8221; icon_placement=&#8221;left&#8221; use_icon_font_size=&#8221;on&#8221; icon_font_size=&#8221;20px&#8221; _builder_version=&#8221;4.11.1&#8243; _module_preset=&#8221;default&#8221; header_font=&#8221;Poppins||||||||&#8221; header_text_color=&#8221;#282d26&#8243; header_line_height=&#8221;1.3em&#8221; animation=&#8221;off&#8221; header_font_size_tablet=&#8221;16px&#8221; header_font_size_phone=&#8221;14px&#8221; header_font_size_last_edited=&#8221;on|phone&#8221; global_colors_info=&#8221;{}&#8221;][\/et_pb_blurb][et_pb_blurb title=&#8221;W czwartek kompletujemy i nadajemy zam\u00f3wienia&#8221; use_icon=&#8221;on&#8221; font_icon=&#8221;%%45%%&#8221; icon_color=&#8221;#8cc32f&#8221; icon_placement=&#8221;left&#8221; use_icon_font_size=&#8221;on&#8221; icon_font_size=&#8221;20px&#8221; _builder_version=&#8221;4.11.1&#8243; _module_preset=&#8221;default&#8221; header_font=&#8221;Poppins||||||||&#8221; header_text_color=&#8221;#282d26&#8243; header_line_height=&#8221;1.3em&#8221; animation=&#8221;off&#8221; header_font_size_tablet=&#8221;16px&#8221; header_font_size_phone=&#8221;14px&#8221; header_font_size_last_edited=&#8221;on|phone&#8221; global_colors_info=&#8221;{}&#8221;][\/et_pb_blurb][et_pb_blurb title=&#8221;W pi\u0105tek wszystko jest ju\u017c u Was&#8221; use_icon=&#8221;on&#8221; font_icon=&#8221;%%45%%&#8221; icon_color=&#8221;#8cc32f&#8221; icon_placement=&#8221;left&#8221; use_icon_font_size=&#8221;on&#8221; icon_font_size=&#8221;20px&#8221; _builder_version=&#8221;4.11.1&#8243; _module_preset=&#8221;default&#8221; header_font=&#8221;Poppins||||||||&#8221; header_text_color=&#8221;#282d26&#8243; header_line_height=&#8221;1.3em&#8221; animation=&#8221;off&#8221; header_font_size_tablet=&#8221;16px&#8221; header_font_size_phone=&#8221;14px&#8221; header_font_size_last_edited=&#8221;on|phone&#8221; global_colors_info=&#8221;{}&#8221;][\/et_pb_blurb][\/et_pb_column][\/et_pb_row][\/et_pb_section][et_pb_section fb_built=&#8221;1&#8243; admin_label=&#8221;Features&#8221; _builder_version=&#8221;4.11.1&#8243; _module_preset=&#8221;default&#8221; background_color=&#8221;#8cc32f&#8221; background_image=&#8221;https:\/\/www.zaborek.com.pl\/wp-content\/uploads\/2021\/10\/grocery-delivery-pattern_01-1.png&#8221; background_blend=&#8221;soft-light&#8221; custom_margin=&#8221;-46px|10px|-46px|10px|true|true&#8221; custom_padding=&#8221;2vw||||false|false&#8221; bottom_divider_style=&#8221;slant&#8221; bottom_divider_color=&#8221;#FFFFFF&#8221; bottom_divider_height=&#8221;10vw&#8221; border_radii=&#8221;on|24px|24px|24px|24px&#8221; border_color_all=&#8221;#FFFFFF&#8221; global_colors_info=&#8221;{}&#8221;][et_pb_row make_equal=&#8221;on&#8221; _builder_version=&#8221;4.11.1&#8243; _module_preset=&#8221;default&#8221; min_height=&#8221;100px&#8221; custom_margin=&#8221;8vw|auto|-64px|auto|false|false&#8221; custom_padding=&#8221;||0px|||&#8221; global_colors_info=&#8221;{}&#8221;][et_pb_column type=&#8221;4_4&#8243; _builder_version=&#8221;4.9.4&#8243; _module_preset=&#8221;default&#8221; background_color=&#8221;#FFFFFF&#8221; transform_scale_tablet=&#8221;&#8221; transform_scale_phone=&#8221;&#8221; transform_scale_last_edited=&#8221;on|desktop&#8221; transform_translate=&#8221;0px|-10vw&#8221; transform_translate_tablet=&#8221;0px|0vw&#8221; transform_translate_phone=&#8221;&#8221; transform_translate_last_edited=&#8221;on|tablet&#8221; transform_translate_linked=&#8221;off&#8221; transform_rotate_tablet=&#8221;&#8221; transform_rotate_phone=&#8221;&#8221; transform_rotate_last_edited=&#8221;on|desktop&#8221; transform_skew_tablet=&#8221;&#8221; transform_skew_phone=&#8221;&#8221; transform_skew_last_edited=&#8221;on|desktop&#8221; transform_origin_tablet=&#8221;&#8221; transform_origin_phone=&#8221;&#8221; transform_origin_last_edited=&#8221;on|desktop&#8221; transform_styles_last_edited=&#8221;on|tablet&#8221; custom_padding=&#8221;60px|30px|60px|30px|true|true&#8221; custom_padding_tablet=&#8221;40px|30px|40px|30px|true|true&#8221; custom_padding_phone=&#8221;|20px||20px|true|true&#8221; custom_padding_last_edited=&#8221;on|phone&#8221; transform_styles_tablet=&#8221;&#8221; transform_styles_phone=&#8221;&#8221; border_radii=&#8221;on|25px|25px|25px|25px&#8221; global_colors_info=&#8221;{}&#8221;][et_pb_blurb title=&#8221;Zapraszmy na Ryneczek&#8221; url=&#8221;https:\/\/sklep.zaborek.com.pl\/sklep&#8221; url_new_window=&#8221;on&#8221; image=&#8221;https:\/\/www.zaborek.com.pl\/wp-content\/uploads\/2021\/10\/grocery-delivery-icon-07.png&#8221; _builder_version=&#8221;4.11.1&#8243; _module_preset=&#8221;67dc000f-939c-46f2-abcc-11d0b9995d52&#8243; header_font=&#8221;Poppins|700|||||||&#8221; header_text_color=&#8221;#22303f&#8221; header_font_size=&#8221;20px&#8221; header_line_height=&#8221;1.3em&#8221; body_font=&#8221;Poppins||||||||&#8221; body_font_size=&#8221;14px&#8221; text_orientation=&#8221;center&#8221; min_height=&#8221;119.8px&#8221; custom_padding=&#8221;0px|0px|0px|||&#8221; animation=&#8221;off&#8221; link_option_url_new_window=&#8221;on&#8221; header_font_size_tablet=&#8221;16px&#8221; header_font_size_phone=&#8221;14px&#8221; header_font_size_last_edited=&#8221;on|phone&#8221; body_font_size_tablet=&#8221;14px&#8221; body_font_size_last_edited=&#8221;off|desktop&#8221; locked=&#8221;off&#8221; global_colors_info=&#8221;{}&#8221;][\/et_pb_blurb][\/et_pb_column][\/et_pb_row][\/et_pb_section][et_pb_section fb_built=&#8221;1&#8243; admin_label=&#8221;Footer&#8221; _builder_version=&#8221;4.11.1&#8243; _module_preset=&#8221;default&#8221; use_background_color_gradient=&#8221;on&#8221; background_color_gradient_start=&#8221;rgba(10,8,8,0)&#8221; background_color_gradient_end=&#8221;#0a0808&#8243; background_color_gradient_end_position=&#8221;86%&#8221; background_color_gradient_overlays_image=&#8221;on&#8221; background_image=&#8221;https:\/\/www.zaborek.com.pl\/wp-content\/uploads\/2017\/02\/wiosna_spring_640.jpeg&#8221; overflow-x=&#8221;visible&#8221; overflow-y=&#8221;visible&#8221; custom_margin=&#8221;3vw|10px|10px|10px|false|true&#8221; custom_padding=&#8221;||0px||false|false&#8221; top_divider_style=&#8221;slant&#8221; top_divider_color=&#8221;#FFFFFF&#8221; top_divider_height=&#8221;10vw&#8221; top_divider_height_tablet=&#8221;30px&#8221; top_divider_height_last_edited=&#8221;off|desktop&#8221; border_radii=&#8221;on|24px|24px|24px|24px&#8221; saved_tabs=&#8221;all&#8221; global_colors_info=&#8221;{}&#8221;][et_pb_row custom_padding_last_edited=&#8221;on|phone&#8221; _builder_version=&#8221;4.11.1&#8243; _module_preset=&#8221;default&#8221; background_image=&#8221;https:\/\/www.zaborek.com.pl\/wp-content\/uploads\/2021\/10\/food_produce_237.jpg&#8221; background_position=&#8221;center_left&#8221; z_index=&#8221;3&#8243; custom_margin=&#8221;-10vw||||false|false&#8221; custom_margin_tablet=&#8221;||-22%||false|false&#8221; custom_margin_phone=&#8221;||-35%||false|false&#8221; custom_margin_last_edited=&#8221;off|desktop&#8221; custom_padding=&#8221;140px|60px|140px|60px|true|true&#8221; custom_padding_tablet=&#8221;140px||140px|30px|true|false&#8221; custom_padding_phone=&#8221;40px|20px|40px|20px|true|true&#8221; border_radii=&#8221;on|25px|25px|25px|25px&#8221; locked=&#8221;off&#8221; global_colors_info=&#8221;{}&#8221; custom_margin__hover_enabled=&#8221;off|desktop&#8221;][et_pb_column type=&#8221;4_4&#8243; _builder_version=&#8221;4.11.1&#8243; _module_preset=&#8221;default&#8221; background_enable_color=&#8221;off&#8221; custom_padding=&#8221;|40%|||false|false&#8221; custom_padding_tablet=&#8221;|20%|||false|false&#8221; custom_padding_phone=&#8221;|0%|||false|false&#8221; custom_padding_last_edited=&#8221;on|phone&#8221; global_colors_info=&#8221;{}&#8221;][et_pb_text _builder_version=&#8221;4.9.4&#8243; _module_preset=&#8221;83d94e9b-bff8-4c15-9e33-e7b1a7a21887&#8243; header_2_font=&#8221;Poppins|700|||||||&#8221; header_2_text_align=&#8221;left&#8221; header_2_text_color=&#8221;#282d26&#8243; header_2_font_size=&#8221;40px&#8221; header_2_line_height=&#8221;1.2em&#8221; custom_margin=&#8221;||10px||false|false&#8221; header_2_font_size_tablet=&#8221;32px&#8221; header_2_font_size_phone=&#8221;20px&#8221; header_2_font_size_last_edited=&#8221;on|phone&#8221; locked=&#8221;off&#8221; global_colors_info=&#8221;{}&#8221;]<\/p>\n<h2>Dzi\u0119kujemy za zaufanie<\/h2>\n<p>[\/et_pb_text][\/et_pb_column][\/et_pb_row][et_pb_row column_structure=&#8221;1_2,1_2&#8243; use_custom_gutter=&#8221;on&#8221; gutter_width=&#8221;2&#8243; make_equal=&#8221;on&#8221; _builder_version=&#8221;4.9.4&#8243; _module_preset=&#8221;default&#8221; custom_margin=&#8221;40px||||false|false&#8221; global_colors_info=&#8221;{}&#8221;][et_pb_column type=&#8221;1_2&#8243; _builder_version=&#8221;4.9.4&#8243; _module_preset=&#8221;default&#8221; custom_padding=&#8221;|60px|||false|false&#8221; custom_padding_tablet=&#8221;|30px|||false|false&#8221; custom_padding_phone=&#8221;|20px|||false|false&#8221; custom_padding_last_edited=&#8221;on|phone&#8221; border_color_all=&#8221;rgba(255,255,255,0.24)&#8221; border_width_right=&#8221;2px&#8221; border_width_right_tablet=&#8221;0px&#8221; border_width_right_phone=&#8221;&#8221; border_width_right_last_edited=&#8221;on|tablet&#8221; global_colors_info=&#8221;{}&#8221;][et_pb_text _builder_version=&#8221;4.11.1&#8243; _module_preset=&#8221;0874a7ef-fda6-4460-964c-06187d4d2262&#8243; header_font=&#8221;Poppins|700|on||||||&#8221; header_text_color=&#8221;#282d26&#8243; header_font_size=&#8221;14px&#8221; header_line_height=&#8221;1.3em&#8221; header_4_font=&#8221;Poppins|600||on|||||&#8221; header_4_text_color=&#8221;#E8B83A&#8221; header_4_font_size=&#8221;12px&#8221; header_4_letter_spacing=&#8221;1px&#8221; header_4_line_height=&#8221;1.5em&#8221; custom_margin=&#8221;||0px||false|false&#8221; locked=&#8221;off&#8221; global_colors_info=&#8221;{}&#8221;]<\/p>\n<h4>tel.<\/h4>\n<p>[\/et_pb_text][et_pb_text _builder_version=&#8221;4.11.1&#8243; _module_preset=&#8221;484d2cfc-5d7f-4741-92db-06bcac696713&#8243; text_font=&#8221;Poppins||||||||&#8221; text_text_color=&#8221;#FFFFFF&#8221; text_font_size=&#8221;16px&#8221; text_line_height=&#8221;1.8em&#8221; link_text_color=&#8221;#ffffff&#8221; max_width=&#8221;800px&#8221; text_font_size_tablet=&#8221;15px&#8221; text_font_size_phone=&#8221;14px&#8221; text_font_size_last_edited=&#8221;on|desktop&#8221; locked=&#8221;off&#8221; global_colors_info=&#8221;{}&#8221;]<\/p>\n<p>83 341 30 68<\/p>\n<p>[\/et_pb_text][et_pb_text _builder_version=&#8221;4.9.4&#8243; _module_preset=&#8221;0874a7ef-fda6-4460-964c-06187d4d2262&#8243; header_font=&#8221;Poppins|700|on||||||&#8221; header_text_color=&#8221;#282d26&#8243; header_font_size=&#8221;14px&#8221; header_line_height=&#8221;1.3em&#8221; header_4_font=&#8221;Poppins|600||on|||||&#8221; header_4_text_color=&#8221;#E8B83A&#8221; header_4_font_size=&#8221;12px&#8221; header_4_letter_spacing=&#8221;1px&#8221; header_4_line_height=&#8221;1.5em&#8221; custom_margin=&#8221;||0px||false|false&#8221; locked=&#8221;off&#8221; global_colors_info=&#8221;{}&#8221;]<\/p>\n<h4>Email<\/h4>\n<p>[\/et_pb_text][et_pb_text _builder_version=&#8221;4.11.1&#8243; _module_preset=&#8221;484d2cfc-5d7f-4741-92db-06bcac696713&#8243; text_font=&#8221;Poppins||||||||&#8221; text_text_color=&#8221;#FFFFFF&#8221; text_font_size=&#8221;16px&#8221; text_line_height=&#8221;1.8em&#8221; link_text_color=&#8221;#ffffff&#8221; max_width=&#8221;800px&#8221; text_font_size_tablet=&#8221;15px&#8221; text_font_size_phone=&#8221;14px&#8221; text_font_size_last_edited=&#8221;on|desktop&#8221; link_font_size_tablet=&#8221;16px&#8221; link_font_size_last_edited=&#8221;off|desktop&#8221; locked=&#8221;off&#8221; global_colors_info=&#8221;{}&#8221;]<\/p>\n<p>pensjonat@zaborek.com.pl<\/p>\n<p>[\/et_pb_text][et_pb_text _builder_version=&#8221;4.11.1&#8243; _module_preset=&#8221;484d2cfc-5d7f-4741-92db-06bcac696713&#8243; text_font=&#8221;Poppins||||||||&#8221; text_text_color=&#8221;#FFFFFF&#8221; text_font_size=&#8221;16px&#8221; text_line_height=&#8221;1.8em&#8221; max_width=&#8221;800px&#8221; text_font_size_tablet=&#8221;15px&#8221; text_font_size_phone=&#8221;14px&#8221; text_font_size_last_edited=&#8221;on|desktop&#8221; locked=&#8221;off&#8221; global_colors_info=&#8221;{}&#8221;][\/et_pb_text][\/et_pb_column][et_pb_column type=&#8221;1_2&#8243; _builder_version=&#8221;4.9.4&#8243; _module_preset=&#8221;default&#8221; custom_padding=&#8221;|40px||40px|false|true&#8221; custom_padding_tablet=&#8221;|30px||0px|false|false&#8221; custom_padding_phone=&#8221;|20px||0px|false|false&#8221; custom_padding_last_edited=&#8221;on|tablet&#8221; border_color_all=&#8221;rgba(255,255,255,0.24)&#8221; border_width_right=&#8221;2px&#8221; border_width_right_tablet=&#8221;0px&#8221; border_width_right_phone=&#8221;&#8221; border_width_right_last_edited=&#8221;on|tablet&#8221; global_colors_info=&#8221;{}&#8221;][et_pb_text _builder_version=&#8221;4.11.1&#8243; _module_preset=&#8221;0874a7ef-fda6-4460-964c-06187d4d2262&#8243; header_font=&#8221;Poppins|700|on||||||&#8221; header_text_color=&#8221;#282d26&#8243; header_font_size=&#8221;14px&#8221; header_line_height=&#8221;1.3em&#8221; header_4_font=&#8221;Poppins|600||on|||||&#8221; header_4_text_color=&#8221;#E8B83A&#8221; header_4_font_size=&#8221;12px&#8221; header_4_letter_spacing=&#8221;1px&#8221; header_4_line_height=&#8221;1.5em&#8221; custom_margin=&#8221;||0px||false|false&#8221; locked=&#8221;off&#8221; global_colors_info=&#8221;{}&#8221;]<\/p>\n<h4>Dane adresowe<\/h4>\n<p>[\/et_pb_text][et_pb_text _builder_version=&#8221;4.11.1&#8243; _module_preset=&#8221;484d2cfc-5d7f-4741-92db-06bcac696713&#8243; text_font=&#8221;Poppins||||||||&#8221; text_text_color=&#8221;#FFFFFF&#8221; text_font_size=&#8221;16px&#8221; text_line_height=&#8221;1.8em&#8221; link_text_color=&#8221;#FFFFFF&#8221; max_width=&#8221;620px&#8221; custom_padding=&#8221;|143px|0px|||&#8221; text_font_size_tablet=&#8221;15px&#8221; text_font_size_phone=&#8221;14px&#8221; text_font_size_last_edited=&#8221;on|desktop&#8221; locked=&#8221;off&#8221; global_colors_info=&#8221;{}&#8221;]<\/p>\n<p>Pensjonat Uroczysko Zaborek\u00a0 \u00a0 \u00a0 \u00a0 \u00a0 \u00a0 Kolonia 28A, 21-505 Jan\u00f3w Podlaski<\/p>\n<p>[\/et_pb_text][\/et_pb_column][\/et_pb_row][\/et_pb_section]<\/p>\n","protected":false},"excerpt":{"rendered":"<p>Witamy w naszym sklepikuw kt\u00f3rym zam\u00f3wi\u0107 mo\u017cesz r\u00f3\u017cne nasze produkty w 100% wykonane przez nas. Menu zmienia si\u0119 ka\u017cdego tygodnia niczym w naszej restauracji.\u00a0\u00a0 &nbsp;Dostawa prosto do Twojego domu lub paczkomatuDzi\u0119kujemy za zaufanietel.83 341 30 68Emailpensjonat@zaborek.com.plDane adresowePensjonat Uroczysko Zaborek\u00a0 \u00a0 \u00a0 \u00a0 \u00a0 \u00a0 Kolonia 28A, 21-505 Jan\u00f3w Podlaski<\/p>\n","protected":false},"author":2,"featured_media":0,"parent":0,"menu_order":0,"comment_status":"closed","ping_status":"closed","template":"","meta":{"_et_pb_use_builder":"on","_et_pb_old_content":"","_et_gb_content_width":"","om_disable_all_campaigns":false,"_monsterinsights_skip_tracking":false,"_monsterinsights_sitenote_active":false,"_monsterinsights_sitenote_note":"","_monsterinsights_sitenote_category":0,"footnotes":""},"class_list":["post-8148","page","type-page","status-publish","hentry"],"aioseo_notices":[],"_links":{"self":[{"href":"https:\/\/www.zaborek.com.pl\/miejsce-z-klimatem\/wp-json\/wp\/v2\/pages\/8148","targetHints":{"allow":["GET"]}}],"collection":[{"href":"https:\/\/www.zaborek.com.pl\/miejsce-z-klimatem\/wp-json\/wp\/v2\/pages"}],"about":[{"href":"https:\/\/www.zaborek.com.pl\/miejsce-z-klimatem\/wp-json\/wp\/v2\/types\/page"}],"author":[{"embeddable":true,"href":"https:\/\/www.zaborek.com.pl\/miejsce-z-klimatem\/wp-json\/wp\/v2\/users\/2"}],"replies":[{"embeddable":true,"href":"https:\/\/www.zaborek.com.pl\/miejsce-z-klimatem\/wp-json\/wp\/v2\/comments?post=8148"}],"version-history":[{"count":24,"href":"https:\/\/www.zaborek.com.pl\/miejsce-z-klimatem\/wp-json\/wp\/v2\/pages\/8148\/revisions"}],"predecessor-version":[{"id":8281,"href":"https:\/\/www.zaborek.com.pl\/miejsce-z-klimatem\/wp-json\/wp\/v2\/pages\/8148\/revisions\/8281"}],"wp:attachment":[{"href":"https:\/\/www.zaborek.com.pl\/miejsce-z-klimatem\/wp-json\/wp\/v2\/media?parent=8148"}],"curies":[{"name":"wp","href":"https:\/\/api.w.org\/{rel}","templated":true}]}}