{"id":983,"date":"2014-04-12T16:35:45","date_gmt":"2014-04-12T15:35:45","guid":{"rendered":"http:\/\/www.zaborek.com.pl\/?page_id=983"},"modified":"2024-09-10T20:04:33","modified_gmt":"2024-09-10T18:04:33","slug":"oferta","status":"publish","type":"page","link":"https:\/\/www.zaborek.com.pl\/miejsce-z-klimatem\/oferta\/","title":{"rendered":"Oferta"},"content":{"rendered":"<p>[et_pb_section fb_built=&#8221;1&#8243; fullwidth=&#8221;on&#8221; admin_label=&#8221;section&#8221; _builder_version=&#8221;4.19.5&#8243; filter_sepia=&#8221;30%&#8221; top_divider_style=&#8221;curve2&#8243; top_divider_color=&#8221;RGBA(255,255,255,0)&#8221; top_divider_height=&#8221;10px&#8221; animation_style=&#8221;fade&#8221; border_color_all=&#8221;RGBA(255,255,255,0)&#8221; global_colors_info=&#8221;{}&#8221;][et_pb_fullwidth_header title=&#8221;OFERTA DLA GO\u015aCI INDYWIDUALNYCH&#8221; text_orientation=&#8221;center&#8221; _builder_version=&#8221;4.19.5&#8243; title_level=&#8221;h2&#8243; title_font=&#8221;Oswald|||on|||||&#8221; background_color=&#8221;#FFFFFF&#8221; background_layout=&#8221;light&#8221; max_width_tablet=&#8221;50px&#8221; custom_padding=&#8221;0px||0px|||&#8221; animation_style=&#8221;fade&#8221; text_shadow_style=&#8221;preset1&#8243; text_shadow_horizontal_length=&#8221;0.11em&#8221; text_shadow_vertical_length=&#8221;0.11em&#8221; text_shadow_blur_strength=&#8221;1.11em&#8221; text_shadow_color=&#8221;rgba(10,10,10,0.4)&#8221; global_colors_info=&#8221;{}&#8221; button_one_text_size__hover_enabled=&#8221;off&#8221; button_one_text_size__hover=&#8221;null&#8221; button_two_text_size__hover_enabled=&#8221;off&#8221; button_two_text_size__hover=&#8221;null&#8221; button_one_text_color__hover_enabled=&#8221;off&#8221; button_one_text_color__hover=&#8221;null&#8221; button_two_text_color__hover_enabled=&#8221;off&#8221; button_two_text_color__hover=&#8221;null&#8221; button_one_border_width__hover_enabled=&#8221;off&#8221; button_one_border_width__hover=&#8221;null&#8221; button_two_border_width__hover_enabled=&#8221;off&#8221; button_two_border_width__hover=&#8221;null&#8221; button_one_border_color__hover_enabled=&#8221;off&#8221; button_one_border_color__hover=&#8221;null&#8221; button_two_border_color__hover_enabled=&#8221;off&#8221; button_two_border_color__hover=&#8221;null&#8221; button_one_border_radius__hover_enabled=&#8221;off&#8221; button_one_border_radius__hover=&#8221;null&#8221; button_two_border_radius__hover_enabled=&#8221;off&#8221; button_two_border_radius__hover=&#8221;null&#8221; button_one_letter_spacing__hover_enabled=&#8221;off&#8221; button_one_letter_spacing__hover=&#8221;null&#8221; button_two_letter_spacing__hover_enabled=&#8221;off&#8221; button_two_letter_spacing__hover=&#8221;null&#8221; button_one_bg_color__hover_enabled=&#8221;off&#8221; button_one_bg_color__hover=&#8221;null&#8221; button_two_bg_color__hover_enabled=&#8221;off&#8221; button_two_bg_color__hover=&#8221;null&#8221;][\/et_pb_fullwidth_header][et_pb_fullwidth_portfolio fullwidth=&#8221;off&#8221; include_categories=&#8221;51&#8243; zoom_icon_color=&#8221;#FFFFFF&#8221; hover_overlay_color=&#8221;#FFFFFF&#8221; _builder_version=&#8221;4.19.5&#8243; _module_preset=&#8221;default&#8221; animation_style=&#8221;fade&#8221; border_width_all_image=&#8221;1px&#8221; border_color_all_image=&#8221;#FFFFFF&#8221; global_colors_info=&#8221;{}&#8221;][\/et_pb_fullwidth_portfolio][\/et_pb_section][et_pb_section fb_built=&#8221;1&#8243; fullwidth=&#8221;on&#8221; admin_label=&#8221;section&#8221; _builder_version=&#8221;4.19.5&#8243; filter_sepia=&#8221;30%&#8221; top_divider_style=&#8221;curve2&#8243; top_divider_color=&#8221;RGBA(255,255,255,0)&#8221; top_divider_height=&#8221;0px&#8221; animation_style=&#8221;fade&#8221; global_colors_info=&#8221;{}&#8221;][et_pb_fullwidth_header title=&#8221;Oferty dla grup&#8221; text_orientation=&#8221;center&#8221; header_scroll_down=&#8221;on&#8221; scroll_down_icon=&#8221;%%8%%&#8221; scroll_down_icon_color=&#8221;rgba(22,22,22,0.42)&#8221; _builder_version=&#8221;4.19.5&#8243; title_level=&#8221;h2&#8243; title_font=&#8221;Oswald|||on|||||&#8221; background_color=&#8221;#FFFFFF&#8221; background_layout=&#8221;light&#8221; max_width_tablet=&#8221;50px&#8221; min_height=&#8221;179.7px&#8221; custom_padding=&#8221;7px||0px|||&#8221; animation_style=&#8221;fade&#8221; box_shadow_style=&#8221;preset1&#8243; box_shadow_blur=&#8221;80px&#8221; box_shadow_spread=&#8221;9px&#8221; text_shadow_style=&#8221;preset1&#8243; text_shadow_horizontal_length=&#8221;0.11em&#8221; text_shadow_vertical_length=&#8221;0.11em&#8221; text_shadow_blur_strength=&#8221;1.11em&#8221; text_shadow_color=&#8221;rgba(130,130,130,0.4)&#8221; global_colors_info=&#8221;{}&#8221; button_one_text_size__hover_enabled=&#8221;off&#8221; button_one_text_size__hover=&#8221;null&#8221; button_two_text_size__hover_enabled=&#8221;off&#8221; button_two_text_size__hover=&#8221;null&#8221; button_one_text_color__hover_enabled=&#8221;off&#8221; button_one_text_color__hover=&#8221;null&#8221; button_two_text_color__hover_enabled=&#8221;off&#8221; button_two_text_color__hover=&#8221;null&#8221; button_one_border_width__hover_enabled=&#8221;off&#8221; button_one_border_width__hover=&#8221;null&#8221; button_two_border_width__hover_enabled=&#8221;off&#8221; button_two_border_width__hover=&#8221;null&#8221; button_one_border_color__hover_enabled=&#8221;off&#8221; button_one_border_color__hover=&#8221;null&#8221; button_two_border_color__hover_enabled=&#8221;off&#8221; button_two_border_color__hover=&#8221;null&#8221; button_one_border_radius__hover_enabled=&#8221;off&#8221; button_one_border_radius__hover=&#8221;null&#8221; button_two_border_radius__hover_enabled=&#8221;off&#8221; button_two_border_radius__hover=&#8221;null&#8221; button_one_letter_spacing__hover_enabled=&#8221;off&#8221; button_one_letter_spacing__hover=&#8221;null&#8221; button_two_letter_spacing__hover_enabled=&#8221;off&#8221; button_two_letter_spacing__hover=&#8221;null&#8221; button_one_bg_color__hover_enabled=&#8221;off&#8221; button_one_bg_color__hover=&#8221;null&#8221; button_two_bg_color__hover_enabled=&#8221;off&#8221; button_two_bg_color__hover=&#8221;null&#8221;][\/et_pb_fullwidth_header][et_pb_fullwidth_portfolio fullwidth=&#8221;off&#8221; include_categories=&#8221;52&#8243; posts_number=&#8221;5&#8243; show_date=&#8221;off&#8221; zoom_icon_color=&#8221;#ffffff&#8221; _builder_version=&#8221;4.18.0&#8243; animation_style=&#8221;fade&#8221; border_width_all_image=&#8221;1px&#8221; border_color_all_image=&#8221;rgba(255,255,255,0.8)&#8221; box_shadow_style=&#8221;preset1&#8243; box_shadow_style_image=&#8221;preset1&#8243; text_shadow_style=&#8221;preset1&#8243; global_colors_info=&#8221;{}&#8221;][\/et_pb_fullwidth_portfolio][\/et_pb_section][et_pb_section fb_built=&#8221;1&#8243; inner_shadow=&#8221;on&#8221; fullwidth=&#8221;on&#8221; admin_label=&#8221;section&#8221; _builder_version=&#8221;4.19.5&#8243; top_divider_style=&#8221;curve2&#8243; top_divider_color=&#8221;RGBA(255,255,255,0)&#8221; top_divider_height=&#8221;10px&#8221; animation_style=&#8221;fade&#8221; global_colors_info=&#8221;{}&#8221;][et_pb_fullwidth_header title=&#8221;Wesela w Zaborku&#8221; text_orientation=&#8221;center&#8221; header_scroll_down=&#8221;on&#8221; scroll_down_icon=&#8221;%%8%%&#8221; scroll_down_icon_color=&#8221;rgba(22,22,22,0.42)&#8221; _builder_version=&#8221;4.19.5&#8243; title_level=&#8221;h2&#8243; title_font=&#8221;Oswald|||on|||||&#8221; content_font=&#8221;Oswald|||on|||||&#8221; content_font_size=&#8221;17px&#8221; background_color=&#8221;rgba(255, 255, 255, 0)&#8221; background_layout=&#8221;light&#8221; max_width_tablet=&#8221;50px&#8221; title_text_shadow_style=&#8221;preset1&#8243; content_text_shadow_style=&#8221;preset1&#8243; text_shadow_style=&#8221;preset1&#8243; global_colors_info=&#8221;{}&#8221; button_one_text_size__hover_enabled=&#8221;off&#8221; button_one_text_size__hover=&#8221;null&#8221; button_two_text_size__hover_enabled=&#8221;off&#8221; button_two_text_size__hover=&#8221;null&#8221; button_one_text_color__hover_enabled=&#8221;off&#8221; button_one_text_color__hover=&#8221;null&#8221; button_two_text_color__hover_enabled=&#8221;off&#8221; button_two_text_color__hover=&#8221;null&#8221; button_one_border_width__hover_enabled=&#8221;off&#8221; button_one_border_width__hover=&#8221;null&#8221; button_two_border_width__hover_enabled=&#8221;off&#8221; button_two_border_width__hover=&#8221;null&#8221; button_one_border_color__hover_enabled=&#8221;off&#8221; button_one_border_color__hover=&#8221;null&#8221; button_two_border_color__hover_enabled=&#8221;off&#8221; button_two_border_color__hover=&#8221;null&#8221; button_one_border_radius__hover_enabled=&#8221;off&#8221; button_one_border_radius__hover=&#8221;null&#8221; button_two_border_radius__hover_enabled=&#8221;off&#8221; button_two_border_radius__hover=&#8221;null&#8221; button_one_letter_spacing__hover_enabled=&#8221;off&#8221; button_one_letter_spacing__hover=&#8221;null&#8221; button_two_letter_spacing__hover_enabled=&#8221;off&#8221; button_two_letter_spacing__hover=&#8221;null&#8221; button_one_bg_color__hover_enabled=&#8221;off&#8221; button_one_bg_color__hover=&#8221;null&#8221; button_two_bg_color__hover_enabled=&#8221;off&#8221; button_two_bg_color__hover=&#8221;null&#8221;]<\/p>\n<h4 style=\"text-align: center;\">Wesele to&nbsp;jedno z&nbsp;najwa\u017cniejszych wydarze\u0144, kt\u00f3re w&nbsp;pami\u0119ci M\u0142odej Pary i&nbsp;Go\u015bci\u00a0pozostaje przez&nbsp;bardzo d\u0142ugie lata. Warto wi\u0119c&nbsp;zadba\u0107 aby zapisa\u0142o si\u0119 jak najlepiej i&nbsp;jak\u00a0najoryginalniej.<\/h4>\n<p>[\/et_pb_fullwidth_header][et_pb_fullwidth_header text_orientation=&#8221;center&#8221; header_fullscreen=&#8221;on&#8221; _builder_version=&#8221;4.16&#8243; content_font=&#8221;|||on|||||&#8221; content_font_size=&#8221;21px&#8221; background_image=&#8221;http:\/\/www.zaborek.com.pl\/wp-content\/uploads\/2018\/10\/wesele1.jpg&#8221; text_shadow_style=&#8221;preset5&#8243; global_colors_info=&#8221;{}&#8221;]<\/p>\n<h4>\u00a0<\/h4>\n<h4 style=\"text-align: center;\">Zaborek to&nbsp;wyj\u0105tkowe i&nbsp;magiczne miejsce, kt\u00f3re zachwyca klimatem, charakterem, znakomit\u0105\u00a0kuchni\u0105 i&nbsp;niepowtarzaln\u0105 atmosfer\u0105.<\/h4>\n<p><a href=\"http:\/\/www.zaborek.com.pl\/kontakt\/\" class=\"small-button smallsilver\">Zapytaj o&nbsp;ofert\u0119<\/a><\/p>\n<p>&nbsp;<\/p>\n<p>&nbsp;<\/p>\n<p>[\/et_pb_fullwidth_header][\/et_pb_section]<\/p>\n","protected":false},"excerpt":{"rendered":"<p>Wesele to&nbsp;jedno z&nbsp;najwa\u017cniejszych wydarze\u0144, kt\u00f3re w&nbsp;pami\u0119ci M\u0142odej Pary i&nbsp;Go\u015bci\u00a0pozostaje przez&nbsp;bardzo d\u0142ugie lata. Warto wi\u0119c&nbsp;zadba\u0107 aby zapisa\u0142o si\u0119 jak najlepiej i&nbsp;jak\u00a0najoryginalniej.\u00a0 Zaborek to&nbsp;wyj\u0105tkowe i&nbsp;magiczne miejsce, kt\u00f3re zachwyca klimatem, charakterem, znakomit\u0105\u00a0kuchni\u0105 i&nbsp;niepowtarzaln\u0105 atmosfer\u0105. Zapytaj o&nbsp;ofert\u0119 &nbsp; &nbsp;<\/p>\n","protected":false},"author":1,"featured_media":0,"parent":0,"menu_order":0,"comment_status":"open","ping_status":"closed","template":"","meta":{"_et_pb_use_builder":"on","_et_pb_old_content":"","_et_gb_content_width":"","om_disable_all_campaigns":false,"_monsterinsights_skip_tracking":false,"_monsterinsights_sitenote_active":false,"_monsterinsights_sitenote_note":"","_monsterinsights_sitenote_category":0,"footnotes":""},"class_list":["post-983","page","type-page","status-publish","hentry"],"aioseo_notices":[],"_links":{"self":[{"href":"https:\/\/www.zaborek.com.pl\/miejsce-z-klimatem\/wp-json\/wp\/v2\/pages\/983","targetHints":{"allow":["GET"]}}],"collection":[{"href":"https:\/\/www.zaborek.com.pl\/miejsce-z-klimatem\/wp-json\/wp\/v2\/pages"}],"about":[{"href":"https:\/\/www.zaborek.com.pl\/miejsce-z-klimatem\/wp-json\/wp\/v2\/types\/page"}],"author":[{"embeddable":true,"href":"https:\/\/www.zaborek.com.pl\/miejsce-z-klimatem\/wp-json\/wp\/v2\/users\/1"}],"replies":[{"embeddable":true,"href":"https:\/\/www.zaborek.com.pl\/miejsce-z-klimatem\/wp-json\/wp\/v2\/comments?post=983"}],"version-history":[{"count":115,"href":"https:\/\/www.zaborek.com.pl\/miejsce-z-klimatem\/wp-json\/wp\/v2\/pages\/983\/revisions"}],"predecessor-version":[{"id":9523,"href":"https:\/\/www.zaborek.com.pl\/miejsce-z-klimatem\/wp-json\/wp\/v2\/pages\/983\/revisions\/9523"}],"wp:attachment":[{"href":"https:\/\/www.zaborek.com.pl\/miejsce-z-klimatem\/wp-json\/wp\/v2\/media?parent=983"}],"curies":[{"name":"wp","href":"https:\/\/api.w.org\/{rel}","templated":true}]}}